{"id":1282,"date":"2011-09-22T20:08:57","date_gmt":"2011-09-22T18:08:57","guid":{"rendered":"http:\/\/www.robozor.cz\/?page_id=1282"},"modified":"2012-01-27T08:22:33","modified_gmt":"2012-01-27T06:22:33","slug":"terminy-krouzku-v-roce-2011-2012","status":"publish","type":"page","link":"https:\/\/www.robozor.cz\/?page_id=1282","title":{"rendered":"Term\u00edny krou\u017eku v roce 2011-2012"},"content":{"rendered":"<p>Term\u00edny, kdy krou\u017eek nen\u00ed (ofici\u00e1ln\u00ed harmonogram DDM):<\/p>\n<p>28.09.2011 St\u00e1tn\u00ed sv\u00e1tek<br \/>\n26.10.2011 a\u017e 28.10.2011 Podzimn\u00ed pr\u00e1zdniny a st\u00e1tn\u00ed sv\u00e1tek<br \/>\n17.11.2011 St\u00e1tn\u00ed sv\u00e1tek<br \/>\n16.12.2011 a\u017e 03.01.2012 P\u0159eru\u0161en\u00ed v\u00fduky DDM<br \/>\n03.02.2012 Pr\u00e1zdniny<br \/>\n12.03.2012 a\u017e 16.03.2012 Jarn\u00ed pr\u00e1zdniny<br \/>\n05.04.2012 a\u017e 06.04.2012 Velikonoce<br \/>\n09.04.2012 Velikonoce<br \/>\n01.05.2012 St\u00e1tn\u00ed sv\u00e1tek<br \/>\n08.05.2012 St\u00e1tn\u00ed sv\u00e1tek<br \/>\n08.06.2012 Ukon\u010den\u00ed v\u00fduky DDM<\/p>\n","protected":false},"excerpt":{"rendered":"<p>Term\u00edny, kdy krou\u017eek nen\u00ed (ofici\u00e1ln\u00ed harmonogram DDM): 28.09.2011 St\u00e1tn\u00ed sv\u00e1tek 26.10.2011 a\u017e 28.10.2011 Podzimn\u00ed pr\u00e1zdniny a st\u00e1tn\u00ed sv\u00e1tek 17.11.2011 St\u00e1tn\u00ed sv\u00e1tek 16.12.2011 a\u017e 03.01.2012 P\u0159eru\u0161en\u00ed v\u00fduky DDM 03.02.2012 Pr\u00e1zdniny 12.03.2012 a\u017e 16.03.2012 Jarn\u00ed pr\u00e1zdniny 05.04.2012 a\u017e 06.04.2012 Velikonoce 09.04.2012 Velikonoce 01.05.2012 St\u00e1tn\u00ed sv\u00e1tek 08.05.2012 St\u00e1tn\u00ed sv\u00e1tek 08.06.2012 Ukon\u010den\u00ed v\u00fduky DDM<\/p>\n","protected":false},"author":1,"featured_media":0,"parent":7,"menu_order":2,"comment_status":"closed","ping_status":"closed","template":"","meta":{"footnotes":""},"class_list":["post-1282","page","type-page","status-publish","hentry"],"_links":{"self":[{"href":"https:\/\/www.robozor.cz\/index.php?rest_route=\/wp\/v2\/pages\/1282","targetHints":{"allow":["GET"]}}],"collection":[{"href":"https:\/\/www.robozor.cz\/index.php?rest_route=\/wp\/v2\/pages"}],"about":[{"href":"https:\/\/www.robozor.cz\/index.php?rest_route=\/wp\/v2\/types\/page"}],"author":[{"embeddable":true,"href":"https:\/\/www.robozor.cz\/index.php?rest_route=\/wp\/v2\/users\/1"}],"replies":[{"embeddable":true,"href":"https:\/\/www.robozor.cz\/index.php?rest_route=%2Fwp%2Fv2%2Fcomments&post=1282"}],"version-history":[{"count":4,"href":"https:\/\/www.robozor.cz\/index.php?rest_route=\/wp\/v2\/pages\/1282\/revisions"}],"predecessor-version":[{"id":1338,"href":"https:\/\/www.robozor.cz\/index.php?rest_route=\/wp\/v2\/pages\/1282\/revisions\/1338"}],"up":[{"embeddable":true,"href":"https:\/\/www.robozor.cz\/index.php?rest_route=\/wp\/v2\/pages\/7"}],"wp:attachment":[{"href":"https:\/\/www.robozor.cz\/index.php?rest_route=%2Fwp%2Fv2%2Fmedia&parent=1282"}],"curies":[{"name":"wp","href":"https:\/\/api.w.org\/{rel}","templated":true}]}}