{"id":1578,"date":"2014-02-06T17:48:10","date_gmt":"2014-02-06T16:48:10","guid":{"rendered":"http:\/\/www.robozor.cz\/?page_id=1578"},"modified":"2014-02-06T17:48:10","modified_gmt":"2014-02-06T16:48:10","slug":"terminy-krouzku-v-roce-2013-2014","status":"publish","type":"page","link":"https:\/\/www.robozor.cz\/?page_id=1578","title":{"rendered":"Term\u00edny krou\u017eku v roce 2013-2014"},"content":{"rendered":"<p>Term\u00edny, kdy krou\u017eek nen\u00ed (ofici\u00e1ln\u00ed harmonogram DDM):<\/p>\n<p>28.09.2013 St\u00e1tn\u00ed sv\u00e1tek<br \/>\n29.10.2013 a\u017e 30.10.2013 Podzimn\u00ed pr\u00e1zdniny<br \/>\n21.12.2013 a\u017e 05.01.2014 P\u0159eru\u0161en\u00ed v\u00fduky DDM<br \/>\n31.01.2014 Pololetn\u00ed pr\u00e1zdniny<br \/>\n10.02.2014 a\u017e 14.02.2014 Jarn\u00ed pr\u00e1zdniny<br \/>\n17.04.2014 a\u017e 18.04.2014 Velikonoce<br \/>\n21.04.2014 Velikonoce<br \/>\n01.05.2014 St\u00e1tn\u00ed sv\u00e1tek<br \/>\n08.05.2014 St\u00e1tn\u00ed sv\u00e1tek<br \/>\n09.06.2014 Ukon\u010den\u00ed v\u00fduky DDM<\/p>\n","protected":false},"excerpt":{"rendered":"<p>Term\u00edny, kdy krou\u017eek nen\u00ed (ofici\u00e1ln\u00ed harmonogram DDM): 28.09.2013 St\u00e1tn\u00ed sv\u00e1tek 29.10.2013 a\u017e 30.10.2013 Podzimn\u00ed pr\u00e1zdniny 21.12.2013 a\u017e 05.01.2014 P\u0159eru\u0161en\u00ed v\u00fduky DDM 31.01.2014 Pololetn\u00ed pr\u00e1zdniny 10.02.2014 a\u017e 14.02.2014 Jarn\u00ed pr\u00e1zdniny 17.04.2014 a\u017e 18.04.2014 Velikonoce 21.04.2014 Velikonoce 01.05.2014 St\u00e1tn\u00ed sv\u00e1tek 08.05.2014 St\u00e1tn\u00ed sv\u00e1tek 09.06.2014 Ukon\u010den\u00ed v\u00fduky DDM<\/p>\n","protected":false},"author":1,"featured_media":0,"parent":7,"menu_order":0,"comment_status":"open","ping_status":"open","template":"","meta":{"footnotes":""},"class_list":["post-1578","page","type-page","status-publish","hentry"],"_links":{"self":[{"href":"https:\/\/www.robozor.cz\/index.php?rest_route=\/wp\/v2\/pages\/1578","targetHints":{"allow":["GET"]}}],"collection":[{"href":"https:\/\/www.robozor.cz\/index.php?rest_route=\/wp\/v2\/pages"}],"about":[{"href":"https:\/\/www.robozor.cz\/index.php?rest_route=\/wp\/v2\/types\/page"}],"author":[{"embeddable":true,"href":"https:\/\/www.robozor.cz\/index.php?rest_route=\/wp\/v2\/users\/1"}],"replies":[{"embeddable":true,"href":"https:\/\/www.robozor.cz\/index.php?rest_route=%2Fwp%2Fv2%2Fcomments&post=1578"}],"version-history":[{"count":1,"href":"https:\/\/www.robozor.cz\/index.php?rest_route=\/wp\/v2\/pages\/1578\/revisions"}],"predecessor-version":[{"id":1579,"href":"https:\/\/www.robozor.cz\/index.php?rest_route=\/wp\/v2\/pages\/1578\/revisions\/1579"}],"up":[{"embeddable":true,"href":"https:\/\/www.robozor.cz\/index.php?rest_route=\/wp\/v2\/pages\/7"}],"wp:attachment":[{"href":"https:\/\/www.robozor.cz\/index.php?rest_route=%2Fwp%2Fv2%2Fmedia&parent=1578"}],"curies":[{"name":"wp","href":"https:\/\/api.w.org\/{rel}","templated":true}]}}