{"id":7,"date":"2010-04-19T20:14:01","date_gmt":"2010-04-19T18:14:01","guid":{"rendered":"http:\/\/astrozor.cz\/?page_id=7"},"modified":"2021-02-27T21:53:32","modified_gmt":"2021-02-27T20:53:32","slug":"o_nas","status":"publish","type":"page","link":"https:\/\/www.robozor.cz\/?page_id=7","title":{"rendered":"Robozor &#8211; o n\u00e1s"},"content":{"rendered":"\n<p id=\"block-9ade7ee0-1dbb-4b78-83e0-e4987ab307c2\" class=\"block-editor-rich-text__editable block-editor-block-list__block wp-block is-selected rich-text\" tabindex=\"0\" role=\"group\" aria-multiline=\"true\" aria-label=\"Blok: Nadpis\" data-block=\"9ade7ee0-1dbb-4b78-83e0-e4987ab307c2\" data-type=\"core\/heading\" data-title=\"Nadpis\"><strong>Robotick\u00fd klub\u00a0Robozor p\u0159i DDM v \u010cesk\u00fdch Bud\u011bjovic\u00edch<\/strong><\/p>\n\n\n\n<h2 class=\"wp-block-heading\">Kdo jsme<\/h2>\n\n\n\n<p>Klub&nbsp;robotiky a mechatroniky&nbsp;p\u016fsob\u00ed p\u0159i DDM v \u010cesk\u00fdch Bud\u011bjovic\u00edch. V klubu pracuje zhruba 10 d\u011bt\u00ed druh\u00e9ho stupn\u011b Z\u0160,&nbsp;st\u0159edn\u00edch \u0161kol a gymn\u00e1zi\u00ed.<\/p>\n\n\n\n<div class=\"wp-block-image\"><figure class=\"aligncenter is-resized\"><a href=\"http:\/\/robozor.cz\/wp-content\/uploads\/2010\/04\/200409170124_IMG_1340.jpg\"><img loading=\"lazy\" decoding=\"async\" src=\"http:\/\/robozor.cz\/wp-content\/uploads\/2010\/04\/200409170124_IMG_1340-300x225.jpg\" alt=\"\" class=\"wp-image-13\" width=\"432\" height=\"324\" srcset=\"https:\/\/www.robozor.cz\/wp-content\/uploads\/2010\/04\/200409170124_IMG_1340-300x225.jpg 300w, https:\/\/www.robozor.cz\/wp-content\/uploads\/2010\/04\/200409170124_IMG_1340.jpg 400w\" sizes=\"auto, (max-width: 432px) 100vw, 432px\" \/><\/a><figcaption>Klub Robozor<\/figcaption><\/figure><\/div>\n\n\n\n<h3 class=\"wp-block-heading\">Co d\u011bl\u00e1me<\/h3>\n\n\n\n<h4 class=\"wp-block-heading\">Roboti<\/h4>\n\n\n\n<p>Sch\u00e1z\u00edme se ka\u017edou st\u0159edu v 17.00 v are\u00e1lu DDM mimo pr\u00e1zdnin. U\u010d\u00edme se zde konstruovat roboty jak po mechanick\u00e9, elektronick\u00e9 i softwarov\u00e9 str\u00e1nce. V\u00fduka sm\u011b\u0159uje k praktick\u00e9mu zkou\u0161en\u00ed a simulov\u00e1n\u00ed algoritm\u016f pou\u017e\u00edvan\u00fdch v jednoduch\u00fdch robotech. Vyu\u017e\u00edv\u00e1me robotick\u00e9 stavebnice Lego MindStorms, stavebnice Merkur, elektronick\u00e9 stavebnice UST apod. Za\u010d\u00e1te\u010dn\u00edci se u\u010d\u00ed p\u0159edev\u0161\u00edm na stavebnic\u00edh robot\u016f Lego Mindstorms a programuj\u00ed v jazyce C (NQC).&nbsp;Pokro\u010dilej\u0161\u00ed ji\u017e pracuj\u00ed s programovateln\u00fdmi mikro\u010dipy PIC nebo Atmel a dal\u0161\u00edmi. Klub je vhodn\u00fd pro d\u011bti od 10ti let se znalostmi pr\u00e1ce s po\u010d\u00edta\u010dem a z\u00e1klad\u016f programov\u00e1n\u00ed. Jsme populariz\u00e1tory robotick\u00fdch sout\u011b\u017e\u00ed MiniSumo.<\/p>\n\n\n\n<p>K projekt\u016fm vyu\u017e\u00edv\u00e1me konstrukc\u00ed publikovan\u00fdch na <a title=\"http:\/\/www.mlab.cz\" href=\"http:\/\/www.mlab.cz\" target=\"_blank\" rel=\"noopener\">http:\/\/www.mlab.cz<\/a><\/p>\n\n\n\n<h4 class=\"wp-block-heading\">Radioastronomie<\/h4>\n\n\n\n<p>S d\u011btmi realizujeme tak\u00e9 i jin\u00e9 projekty. Jedn\u00e1 se p\u0159edev\u0161\u00edm o projekty z oblasti astronomie, radioastronomie a fyziky. V\u00edce na <a title=\"http:\/\/www.jihocas.cz\" href=\"http:\/\/www.jihocas.cz\" target=\"_blank\" rel=\"noopener\">http:\/\/www.jihocas.cz<\/a> nebo <a href=\"http:\/\/www.bolidozor.cz\">www.bolidozor.cz<\/a> a <a title=\"http:\/\/www.astrozor.cz\" href=\"http:\/\/www.astrozor.cz\" target=\"_blank\" rel=\"noopener\">http:\/\/www.astrozor.cz<\/a>.<\/p>\n\n\n\n<h3 class=\"wp-block-heading\">Kde se m\u016f\u017eete p\u0159ihl\u00e1sit?<\/h3>\n\n\n\n<p>P\u0159ihl\u00e1sit online se m\u016f\u017eete p\u0159\u00edmo na str\u00e1nk\u00e1ch <a title=\"DDM \u010cesk\u00e9 Bud\u011bjovice\" href=\"http:\/\/www.ddmcb.cz\" target=\"_blank\" rel=\"noopener\">DDM <\/a>, kde po vyhled\u00e1n\u00ed z\u00e1jmov\u00e9ho \u00fatvaru kliknete na &#8222;p\u0159ihl\u00e1sit se&#8220;. Nebo napi\u0161te na email info-at-robozor.cz.<\/p>\n\n\n\n<h3 class=\"wp-block-heading\">Sout\u011b\u017ee<\/h3>\n\n\n\n<p>Robotick\u00fd klub Robozor se \u00fa\u010dastn\u00ed nebo \u00fa\u010dastnil p\u0159edev\u0161\u00edm n\u00e1sleduj\u00edc\u00edch sout\u011b\u017e\u00ed:<\/p>\n\n\n\n<p><a title=\"Robotika SK\" href=\"http:\/\/www.robotika.sk\" target=\"_blank\" rel=\"noopener\">ISTROBOT <\/a>v Bratislav\u011b<br \/><a title=\"RobotChallenge\" href=\"http:\/\/www.robotchallenge.org\" target=\"_blank\" rel=\"noopener\">ROBOTCHALLENGE <\/a>ve V\u00eddni<br \/><a title=\"Robotika CZ\" href=\"http:\/\/www.robotika.cz\" target=\"_blank\" rel=\"noopener\">ROBOTOUR <\/a>p\u0159edev\u0161\u00edm v Praze<br \/><a title=\"Robotika CZ\" href=\"http:\/\/www.robotika.cz\" target=\"_blank\" rel=\"noopener\">EUROBOT <\/a>p\u0159edev\u0161\u00edm v Praze (sout\u011b\u017ee MiniSumo)<br \/><a title=\"Nap\u00e1jeni sluncem\" href=\"http:\/\/napajenisluncem.vsb.cz\/\" target=\"_blank\" rel=\"noopener\">NAP\u00c1JENI SLUNCEM <\/a>v Ostrav\u011b<br \/>FIRST LEGO LEAUGE v Praze<br \/>&#8230; atd.<\/p>\n","protected":false},"excerpt":{"rendered":"<p>Kdo jsme Klub&nbsp;robotiky a mechatroniky&nbsp;p\u016fsob\u00ed p\u0159i DDM v \u010cesk\u00fdch Bud\u011bjovic\u00edch. V klubu pracuje zhruba 10 d\u011bt\u00ed druh\u00e9ho stupn\u011b Z\u0160,&nbsp;st\u0159edn\u00edch \u0161kol a gymn\u00e1zi\u00ed. Co d\u011bl\u00e1me Roboti Sch\u00e1z\u00edme se ka\u017edou st\u0159edu v 17.00 v are\u00e1lu DDM mimo pr\u00e1zdnin. U\u010d\u00edme se zde konstruovat roboty jak po mechanick\u00e9, elektronick\u00e9 i softwarov\u00e9 str\u00e1nce. V\u00fduka sm\u011b\u0159uje k praktick\u00e9mu zkou\u0161en\u00ed a simulov\u00e1n\u00ed &#8230;<\/p>\n<p><a href=\"https:\/\/www.robozor.cz\/?page_id=7\" class=\"more-link\">Continue reading &lsquo;Robozor &#8211; o n\u00e1s&rsquo; &raquo;<\/a><\/p>\n","protected":false},"author":1,"featured_media":0,"parent":0,"menu_order":0,"comment_status":"closed","ping_status":"open","template":"","meta":{"footnotes":""},"class_list":["post-7","page","type-page","status-publish","hentry"],"_links":{"self":[{"href":"https:\/\/www.robozor.cz\/index.php?rest_route=\/wp\/v2\/pages\/7","targetHints":{"allow":["GET"]}}],"collection":[{"href":"https:\/\/www.robozor.cz\/index.php?rest_route=\/wp\/v2\/pages"}],"about":[{"href":"https:\/\/www.robozor.cz\/index.php?rest_route=\/wp\/v2\/types\/page"}],"author":[{"embeddable":true,"href":"https:\/\/www.robozor.cz\/index.php?rest_route=\/wp\/v2\/users\/1"}],"replies":[{"embeddable":true,"href":"https:\/\/www.robozor.cz\/index.php?rest_route=%2Fwp%2Fv2%2Fcomments&post=7"}],"version-history":[{"count":23,"href":"https:\/\/www.robozor.cz\/index.php?rest_route=\/wp\/v2\/pages\/7\/revisions"}],"predecessor-version":[{"id":1857,"href":"https:\/\/www.robozor.cz\/index.php?rest_route=\/wp\/v2\/pages\/7\/revisions\/1857"}],"wp:attachment":[{"href":"https:\/\/www.robozor.cz\/index.php?rest_route=%2Fwp%2Fv2%2Fmedia&parent=7"}],"curies":[{"name":"wp","href":"https:\/\/api.w.org\/{rel}","templated":true}]}}